{"id":805,"date":"2025-04-29T12:16:03","date_gmt":"2025-04-29T12:16:03","guid":{"rendered":"https:\/\/gospelforeveryone.worldea.org\/?page_id=805"},"modified":"2025-04-29T12:16:04","modified_gmt":"2025-04-29T12:16:04","slug":"scholarships","status":"publish","type":"page","link":"https:\/\/gospelforeveryone.worldea.org\/fr\/scholarships\/","title":{"rendered":"Bourses d&#039;\u00e9tudes"},"content":{"rendered":"<p>Nous sommes profond\u00e9ment honor\u00e9s que S\u00e9oul, en Cor\u00e9e du Sud, accueille la 14e Assembl\u00e9e g\u00e9n\u00e9rale du 27 au 31 octobre 2025. Ce rassemblement n&#039;est pas une simple r\u00e9union, mais une occasion historique de :<\/p>\n\t<strong>R\u00e9affirmons notre engagement<br \/>\n<\/strong>\u00e0 la Grande Mission\n\t<strong>R\u00e9affirmons notre unit\u00e9 dans la diversit\u00e9<br \/>\n<\/strong>et l&#039;apprentissage mutuel de ce que Dieu fait dans le monde\n\t<strong>\u00c9laborer des strat\u00e9gies collectives<br \/>\n<\/strong>sur la mani\u00e8re de relever les d\u00e9fis contemporains auxquels l&#039;\u00c9glise est confront\u00e9e\n<h4>\n\t\t\tL'\u00c9vangile pour tous d'ici 2033\t<\/h4>\n\t<p>Le th\u00e8me de l&#039;Assembl\u00e9e g\u00e9n\u00e9rale de 2025 est \u00ab L&#039;\u00c9vangile pour tous d&#039;ici 2033 \u00bb, en accord avec notre vision de voir chaque personne pri\u00e9e et chaque nation atteinte \u00e0 l&#039;approche du 2 000e anniversaire de la mort, de la r\u00e9surrection, de l&#039;ascension et de la Pentec\u00f4te du Christ. <\/p>\n<p>Cet objectif ambitieux nous met au d\u00e9fi d\u2019innover dans l\u2019\u00e9vang\u00e9lisation, d\u2019approfondir le discipulat et de renforcer nos partenariats mondiaux.\u00a0<\/p>\n<h3  data-animation-delay=\"0\" data-animation-duration=\"2\">\n\t\t\tInnover dans l&#039;\u00e9vang\u00e9lisation\t<\/h3>\n<h3  data-animation-delay=\"0\" data-animation-duration=\"2\">\n\t\t\tApprofondir le discipulat\t<\/h3>\n<h3  data-animation-delay=\"0\" data-animation-duration=\"2\">\n\t\t\tRenforcer les partenariats mondiaux\t<\/h3>\n\t<p>Elle nous appelle \u00e9galement \u00e0 renouveler nos efforts en mati\u00e8re d\u2019unit\u00e9 de l\u2019\u00c9glise, de clart\u00e9 th\u00e9ologique et de r\u00e9ponse collective aux d\u00e9fis soci\u00e9taux, en veillant \u00e0 ce que le message de J\u00e9sus-Christ soit transformateur pour tous les peuples, toutes les cultures et toutes les g\u00e9n\u00e9rations.<\/p>\n<h3  data-animation-delay=\"0\" data-animation-duration=\"2\">\n\t\t\tTous les peuples\t<\/h3>\n<h3  data-animation-delay=\"0\" data-animation-duration=\"2\">\n\t\t\tToutes les cultures\t<\/h3>\n<h3  data-animation-delay=\"0\" data-animation-duration=\"2\">\n\t\t\tToutes les g\u00e9n\u00e9rations\t<\/h3>\n<h4>\n\t\t\tL\u2019Assembl\u00e9e g\u00e9n\u00e9rale sera un rassemblement o\u00f9 nous\u2026\t<\/h4>\n<h5>\n\t\t\tC\u00e9l\u00e9brer l&#039;\u0153uvre de Dieu\t<\/h5>\n<h5>\n\t\t\t\u00c9coutez-vous les uns les autres\t<\/h5>\n<h5>\n\t\t\tPr\u00e9parez-vous pour l&#039;avenir\t<\/h5>\n<h4>\n\t\t\tNous examinerons les questions cl\u00e9s de notre \u00e9poque, notamment\u2026\t<\/h4>\n<h5>\n\t\t\tL&#039;orthodoxie th\u00e9ologique\t<\/h5>\n<h5>\n\t\t\t\u00c9glises saines et discipulat\t<\/h5>\n<h5>\n\t\t\tL&#039;\u00e9vang\u00e9lisation num\u00e9rique\t<\/h5>\n<h5>\n\t\t\tIntelligence artificielle et leadership \u00e9thique\t<\/h5>\n<h5>\n\t\t\tPlaidoyer mondial\t<\/h5>\n<h5>\n\t\t\tDialogue entre la Cor\u00e9e du Nord et la Cor\u00e9e du Sud\t<\/h5>\n<h4>\n\t\t\tRefl\u00e9tant la riche diversit\u00e9 de notre famille mondiale, nous nous engageons \u00e0\u2026\t<\/h4>\n\t<h4>Pri\u00e8re<\/h4>\t\n\t<h4>Culte<\/h4>\t\n\t<h4>Camaraderie<\/h4>\t\n<h4  data-animation-delay=\"0\" data-animation-duration=\"2\">\n\t\t\tEnsemble\t<\/h4>\n\t<p>Nous r\u00e9affirmerons l\u2019identit\u00e9 et la mission \u00e9vang\u00e9liques qui d\u00e9finissent l\u2019AEM, et nous \u00e9tablirons une feuille de route qui nous guidera dans la prochaine d\u00e9cennie du minist\u00e8re mondial.<\/p>\n\t<p>Cette Assembl\u00e9e g\u00e9n\u00e9rale est une occasion unique de nouer des liens avec la famille \u00e9vang\u00e9lique de toutes les r\u00e9gions, de toutes les g\u00e9n\u00e9rations et de tous les r\u00e9seaux mondiaux. C&#039;est une invitation \u00e0 nous tous \u00e0 revisiter le commandement de J\u00e9sus dans Matthieu 28:18-20.<strong>.<\/strong><\/p>\n<h6>\n\t\t\tMatthieu 28:18-20 (LSG)\t<\/h6>\n\t<p>Notre temps ensemble offrira un espace de culte, de pri\u00e8re, de discussions strat\u00e9giques et de collaboration, nous permettant de proclamer l&#039;\u00c9vangile dans le monde entier en nous concentrant sur les points suivants :<\/p>","protected":false},"excerpt":{"rendered":"<p>Nous sommes profond\u00e9ment honor\u00e9s que S\u00e9oul, en Cor\u00e9e du Sud, accueille la 14e Assembl\u00e9e g\u00e9n\u00e9rale du 27 au 31 octobre 2025. Ce rassemblement n&#039;est pas simplement une r\u00e9union, mais une occasion historique de : R\u00e9affirmer notre engagement envers la Grande Commission R\u00e9affirmer notre unit\u00e9 dans la diversit\u00e9 et notre apprentissage mutuel de ce que Dieu fait dans le monde \u00c9laborer des strat\u00e9gies collectives sur la mani\u00e8re dont\u2026 <a title=\"Bourses d&#039;\u00e9tudes\" class=\"read-more\" href=\"https:\/\/gospelforeveryone.worldea.org\/fr\/scholarships\/\" aria-label=\"En savoir plus sur Scholarships\">Lire la suite<\/a><\/p>","protected":false},"author":1,"featured_media":0,"parent":0,"menu_order":0,"comment_status":"closed","ping_status":"closed","template":"","meta":{"_acf_changed":false,"_seopress_robots_primary_cat":"","_seopress_titles_title":"","_seopress_titles_desc":"","_seopress_robots_index":"","footnotes":""},"class_list":["post-805","page","type-page","status-publish"],"acf":[],"_links":{"self":[{"href":"https:\/\/gospelforeveryone.worldea.org\/fr\/wp-json\/wp\/v2\/pages\/805","targetHints":{"allow":["GET"]}}],"collection":[{"href":"https:\/\/gospelforeveryone.worldea.org\/fr\/wp-json\/wp\/v2\/pages"}],"about":[{"href":"https:\/\/gospelforeveryone.worldea.org\/fr\/wp-json\/wp\/v2\/types\/page"}],"author":[{"embeddable":true,"href":"https:\/\/gospelforeveryone.worldea.org\/fr\/wp-json\/wp\/v2\/users\/1"}],"replies":[{"embeddable":true,"href":"https:\/\/gospelforeveryone.worldea.org\/fr\/wp-json\/wp\/v2\/comments?post=805"}],"version-history":[{"count":1,"href":"https:\/\/gospelforeveryone.worldea.org\/fr\/wp-json\/wp\/v2\/pages\/805\/revisions"}],"predecessor-version":[{"id":806,"href":"https:\/\/gospelforeveryone.worldea.org\/fr\/wp-json\/wp\/v2\/pages\/805\/revisions\/806"}],"wp:attachment":[{"href":"https:\/\/gospelforeveryone.worldea.org\/fr\/wp-json\/wp\/v2\/media?parent=805"}],"curies":[{"name":"wp","href":"https:\/\/api.w.org\/{rel}","templated":true}]}}