{"id":809,"date":"2025-04-29T12:19:09","date_gmt":"2025-04-29T12:19:09","guid":{"rendered":"https:\/\/gospelforeveryone.worldea.org\/?page_id=809"},"modified":"2025-09-01T16:58:35","modified_gmt":"2025-09-01T16:58:35","slug":"apply","status":"publish","type":"page","link":"https:\/\/gospelforeveryone.worldea.org\/fr\/scholarships\/apply\/","title":{"rendered":"Bourses d&#039;\u00e9tudes \u2013 Postuler"},"content":{"rendered":"<h2>\n\t\t\tLes candidatures aux bourses sont d\u00e9sormais closes\t<\/h2>\n\t<p>Nous vous remercions de votre int\u00e9r\u00eat \u00e0 participer \u00e0 l&#039;Assembl\u00e9e g\u00e9n\u00e9rale de la WEA \u00e0 S\u00e9oul, en Cor\u00e9e du Sud, en octobre 2025. Nous recevons un grand nombre de demandes de soutien financier et, bien que nous soyons profond\u00e9ment encourag\u00e9s par le niveau d&#039;engagement au sein de la communaut\u00e9 WEA, cela signifie \u00e9galement que les fonds disponibles sont limit\u00e9s.<\/p>\n<p><strong>Veuillez noter<\/strong> que les bourses ne sont accessibles qu&#039;aux repr\u00e9sentants de l&#039;Alliance qui ne sont pas en mesure de se financer enti\u00e8rement.<\/p>\n<p>Dans le cadre de nos efforts visant \u00e0 soutenir le plus grand nombre possible de participants, les bourses sont attribu\u00e9es en fonction de la solidit\u00e9 de chaque candidature et conform\u00e9ment aux crit\u00e8res d&#039;\u00e9valuation \u00e9tablis (tels que l&#039;engagement de la WEA, la recommandation, le potentiel d&#039;impact et les besoins financiers).<\/p>\n<p>Pour permettre \u00e0 davantage de d\u00e9l\u00e9gu\u00e9s de participer, nous visons g\u00e9n\u00e9ralement \u00e0 couvrir le co\u00fbt du vol, et\u00a0<strong>nous demandons aux participants de couvrir le co\u00fbt de leurs frais d&#039;inscription<\/strong>.<\/p>\n<p>Veuillez noter ce qui suit :<\/p>\n<ul>\n<li>Si votre demande de bourse est accept\u00e9e, nous trouverons pour vous le billet d&#039;avion le plus \u00e9conomique et l&#039;ach\u00e8terons en votre nom.<\/li>\n<li>Le co\u00fbt des frais d&#039;inscription varie de $100 \u00e0 $700 et est indiqu\u00e9 sur le <a href=\"https:\/\/gospelforeveryone.worldea.org\/fr\/payment\/\">page de paiement<\/a>L&#039;inscription est largement subventionn\u00e9e et couvre les frais de l&#039;\u00e9v\u00e9nement, y compris l&#039;h\u00e9bergement et tous les repas.\n<ul>\n<li><strong>Si vous avez moins de 45 ans<\/strong>\u00a0alors le co\u00fbt est limit\u00e9 \u00e0 $100.<\/li>\n<li><strong>Si vous \u00eates membre<\/strong>\u00a0vous aurez alors droit \u00e0 une r\u00e9duction d&#039;adh\u00e9sion en fonction du type d&#039;adh\u00e9sion.<\/li>\n<\/ul>\n<\/li>\n<\/ul>\n<p>Nous pensons que cette approche partag\u00e9e permettra \u00e0 notre budget de bourses d\u2019atteindre le plus grand nombre possible de candidats, soutenant ainsi notre objectif d\u2019une repr\u00e9sentation large et diversifi\u00e9e \u00e0 l\u2019Assembl\u00e9e.<\/p>\n<p>Nous vous remercions de votre compr\u00e9hension et de votre collaboration dans la gestion judicieuse de ces ressources. Si vous avez la possibilit\u00e9 de mobiliser des soutiens suppl\u00e9mentaires par l&#039;interm\u00e9diaire de votre organisation, de votre \u00e9glise locale ou de vos r\u00e9seaux personnels, nous vous encourageons vivement \u00e0 le faire.<\/p>\n<p>Merci.<\/p>","protected":false},"excerpt":{"rendered":"<p>Les candidatures aux bourses sont d\u00e9sormais closes. Merci de votre int\u00e9r\u00eat \u00e0 participer \u00e0 l&#039;Assembl\u00e9e g\u00e9n\u00e9rale de la WEA \u00e0 S\u00e9oul, en Cor\u00e9e du Sud, en octobre 2025. Nous recevons un volume \u00e9lev\u00e9 de demandes de soutien financier et, bien que nous soyons profond\u00e9ment encourag\u00e9s par le niveau d&#039;engagement au sein de la communaut\u00e9 WEA, cela signifie \u00e9galement que les fonds disponibles sont limit\u00e9s. <a title=\"Bourses d&#039;\u00e9tudes \u2013 Postuler\" class=\"read-more\" href=\"https:\/\/gospelforeveryone.worldea.org\/fr\/scholarships\/apply\/\" aria-label=\"En savoir plus sur Bourses \u2013 Postuler\">Lire la suite<\/a><\/p>","protected":false},"author":1,"featured_media":0,"parent":805,"menu_order":0,"comment_status":"closed","ping_status":"closed","template":"","meta":{"_acf_changed":false,"_seopress_robots_primary_cat":"","_seopress_titles_title":"","_seopress_titles_desc":"","_seopress_robots_index":"","footnotes":""},"class_list":["post-809","page","type-page","status-publish"],"acf":[],"_links":{"self":[{"href":"https:\/\/gospelforeveryone.worldea.org\/fr\/wp-json\/wp\/v2\/pages\/809","targetHints":{"allow":["GET"]}}],"collection":[{"href":"https:\/\/gospelforeveryone.worldea.org\/fr\/wp-json\/wp\/v2\/pages"}],"about":[{"href":"https:\/\/gospelforeveryone.worldea.org\/fr\/wp-json\/wp\/v2\/types\/page"}],"author":[{"embeddable":true,"href":"https:\/\/gospelforeveryone.worldea.org\/fr\/wp-json\/wp\/v2\/users\/1"}],"replies":[{"embeddable":true,"href":"https:\/\/gospelforeveryone.worldea.org\/fr\/wp-json\/wp\/v2\/comments?post=809"}],"version-history":[{"count":9,"href":"https:\/\/gospelforeveryone.worldea.org\/fr\/wp-json\/wp\/v2\/pages\/809\/revisions"}],"predecessor-version":[{"id":1020,"href":"https:\/\/gospelforeveryone.worldea.org\/fr\/wp-json\/wp\/v2\/pages\/809\/revisions\/1020"}],"up":[{"embeddable":true,"href":"https:\/\/gospelforeveryone.worldea.org\/fr\/wp-json\/wp\/v2\/pages\/805"}],"wp:attachment":[{"href":"https:\/\/gospelforeveryone.worldea.org\/fr\/wp-json\/wp\/v2\/media?parent=809"}],"curies":[{"name":"wp","href":"https:\/\/api.w.org\/{rel}","templated":true}]}}