{"id":946,"date":"2025-08-14T22:15:00","date_gmt":"2025-08-14T22:15:00","guid":{"rendered":"https:\/\/gospelforeveryone.worldea.org\/?page_id=946"},"modified":"2025-09-15T14:05:16","modified_gmt":"2025-09-15T14:05:16","slug":"booth-spaces","status":"publish","type":"page","link":"https:\/\/gospelforeveryone.worldea.org\/fr\/booth-spaces\/","title":{"rendered":"Espaces de stand"},"content":{"rendered":"<h2  data-animation-delay=\"0\" data-animation-duration=\"2\">\n\t\t\tPr\u00e9sentez votre minist\u00e8re \u00e0 l&#039;Assembl\u00e9e g\u00e9n\u00e9rale de la WEA 2025\t<\/h2>\n<h3  data-animation-delay=\"0\" data-animation-duration=\"2\">\n\t\t\tRejoignez-nous pour faire progresser \u00ab L&#039;\u00c9vangile pour tous d&#039;ici 2033 \u00bb\t<\/h3>\n\t<p>L&#039;Assembl\u00e9e g\u00e9n\u00e9rale 2025 de l&#039;Alliance \u00e9vang\u00e9lique mondiale est un rassemblement historique de plus de 6\u00a0000 responsables et repr\u00e9sentants \u00e9vang\u00e9liques de plus de 100 pays. \u00c0 l&#039;approche du bicentenaire de la mort, de la r\u00e9surrection, de l&#039;ascension et de la Pentec\u00f4te du Christ, c&#039;est un moment unique pour s&#039;unir dans la pri\u00e8re et la mission afin de toucher chaque personne et chaque nation.<\/p>\n<h3  data-animation-delay=\"0\" data-animation-duration=\"3\">\n\t\t\tNous invitons les minist\u00e8res et organisations soucieux du Royaume \u00e0 participer en tenant un stand lors de cet \u00e9v\u00e9nement historique.\t<\/h3>\n\t<p>Pr\u00e9sentez votre mission, vos minist\u00e8res, vos ressources et vos services directement \u00e0 un public international d&#039;influenceurs et de d\u00e9cideurs cl\u00e9s. C&#039;est l&#039;occasion de nouer des liens pr\u00e9cieux avec les dirigeants \u00e9vang\u00e9liques du monde entier et d&#039;\u00e9tendre votre impact \u00e0 travers le monde.<\/p>\n<p><strong>Ce qui est inclus :<\/strong><\/p>\n<ul>\n<li>Un stand de premier choix dans une zone \u00e0 fort trafic<\/li>\n<li>Configurez votre affichage \u00e0 votre fa\u00e7on (apportez votre propre mat\u00e9riel et votre propre design)<\/li>\n<li>Acc\u00e8s \u00e0 une communaut\u00e9 diversifi\u00e9e de dirigeants et de partenaires \u00e9vang\u00e9liques mondiaux<\/li>\n<\/ul>\n<h3>\n\t\t\tOptions et tarifs des stands\t<\/h3>\n\t<div id=\"footable_parent_951\"\n         class=\"footable_parent ninja_table_wrapper loading_ninja_table wp_table_data_press_parent semantic_ui\">\n                <table data-ninja_table_instance=\"ninja_table_instance_0\" data-footable_id=\"951\" data-filter-delay=\"1000\" aria-label=\"Types de stands\"            id=\"footable_951\"\n           data-unique_identifier=\"ninja_table_unique_id_3796074852_951\"\n           class=\"foo-table ninja_footable foo_table_951 ninja_table_unique_id_3796074852_951 ui table  ninja_search_right nt_type_legacy_table selectable striped vertical_centered  footable-paging-right ninja_table_search_disabled ninja_table_pro\">\n                <colgroup>\n                            <col class=\"ninja_column_0\">\n                            <col class=\"ninja_column_1\">\n                            <col class=\"ninja_column_2\">\n                            <col class=\"ninja_column_3\">\n                    <\/colgroup>\n        <thead>\n<tr class=\"footable-header\">\n                                                                        <th scope=\"col\"  class=\"ninja_column_0 ninja_clmn_nm_booth_type\">Type de stand<\/th><th scope=\"col\"  class=\"ninja_column_1 ninja_clmn_nm_description\">Description<\/th><th scope=\"col\"  class=\"ninja_column_2 ninja_clmn_nm_size\">Taille<\/th><th scope=\"col\"  class=\"ninja_column_3 ninja_clmn_nm_cost_usd\">Co\u00fbt (USD)<\/th><\/tr>\n<\/thead>\n<tbody>\n\n        <tr data-row_id=\"6\" class=\"ninja_table_row_0 nt_row_id_6\">\n            <td>Standard<\/td><td>Un c\u00f4t\u00e9 ouvert<\/td><td>3x3 m\u00e8tres<\/td><td>$4,400 (2 x bourses)<\/td>        <\/tr>\n            <tr data-row_id=\"7\" class=\"ninja_table_row_1 nt_row_id_7\">\n            <td>P\u00e9ninsule<\/td><td>Trois c\u00f4t\u00e9s ouverts (coin)<\/td><td>4x3 m\u00e8tres<\/td><td>$6 600 (3 bourses)<\/td>        <\/tr>\n            <tr data-row_id=\"8\" class=\"ninja_table_row_2 nt_row_id_8\">\n            <td>\u00cele<\/td><td>Cabine en \u00eelot (tous les c\u00f4t\u00e9s sont ouverts)<\/td><td>4x4 m\u00e8tres<\/td><td>$8 800 (4 bourses)<\/td>        <\/tr>\n    <\/tbody><!--ninja_tobody_rendering_done-->\n    <\/table>\n    \n    \n    \n<\/div>\n\n<h3>\n\t\t\tVisualisez votre pr\u00e9sence\t<\/h3>\n\t\t\t\t\t\t\t\t\t\t\t\t\t\t\t\t\t<a href=\"https:\/\/gospelforeveryone.worldea.org\/wp-content\/uploads\/2025\/08\/img_4293.jpg\" target=\"_self\" data-caption=\"img 4293\" aria-label=\"img 4293\">\n\t\t\t\t\t\t<figure>\n\t\t\t\t\t\t\t<img loading=\"lazy\" decoding=\"async\" src=\"https:\/\/gospelforeveryone.worldea.org\/wp-content\/uploads\/2025\/08\/img_4293.jpg\" alt=\"img 4293\" srcset=\"https:\/\/gospelforeveryone.worldea.org\/wp-content\/uploads\/2025\/08\/img_4293.jpg 1200w, https:\/\/gospelforeveryone.worldea.org\/wp-content\/uploads\/2025\/08\/img_4293-300x225.jpg 300w, https:\/\/gospelforeveryone.worldea.org\/wp-content\/uploads\/2025\/08\/img_4293-1024x768.jpg 1024w, https:\/\/gospelforeveryone.worldea.org\/wp-content\/uploads\/2025\/08\/img_4293-768x576.jpg 768w, https:\/\/gospelforeveryone.worldea.org\/wp-content\/uploads\/2025\/08\/img_4293-16x12.jpg 16w\" width=\"1200\" height=\"900\" \/>\n\t\t\t\t\t\t\t\t\t\t\t\t\t<\/figure>\n\t\t\t\t\t\t\t\t\t\t<\/a>\n\t\t\t\t\t\t\t\t\t\t\t\t\t\t\t\t\t<a href=\"https:\/\/gospelforeveryone.worldea.org\/wp-content\/uploads\/2025\/08\/img_4294.jpg\" target=\"_self\" data-caption=\"img 4294\" aria-label=\"img 4294\">\n\t\t\t\t\t\t<figure>\n\t\t\t\t\t\t\t<img loading=\"lazy\" decoding=\"async\" src=\"https:\/\/gospelforeveryone.worldea.org\/wp-content\/uploads\/2025\/08\/img_4294.jpg\" alt=\"img 4294\" srcset=\"https:\/\/gospelforeveryone.worldea.org\/wp-content\/uploads\/2025\/08\/img_4294.jpg 1200w, https:\/\/gospelforeveryone.worldea.org\/wp-content\/uploads\/2025\/08\/img_4294-300x225.jpg 300w, https:\/\/gospelforeveryone.worldea.org\/wp-content\/uploads\/2025\/08\/img_4294-1024x768.jpg 1024w, https:\/\/gospelforeveryone.worldea.org\/wp-content\/uploads\/2025\/08\/img_4294-768x576.jpg 768w, https:\/\/gospelforeveryone.worldea.org\/wp-content\/uploads\/2025\/08\/img_4294-16x12.jpg 16w\" width=\"1200\" height=\"900\" \/>\n\t\t\t\t\t\t\t\t\t\t\t\t\t<\/figure>\n\t\t\t\t\t\t\t\t\t\t<\/a>\n\t\t\t\t\t\t\t\t\t\t\t\t\t\t\t\t\t<a href=\"https:\/\/gospelforeveryone.worldea.org\/wp-content\/uploads\/2025\/08\/img_4272.jpg\" target=\"_self\" data-caption=\"img 4272\" aria-label=\"img 4272\">\n\t\t\t\t\t\t<figure>\n\t\t\t\t\t\t\t<img loading=\"lazy\" decoding=\"async\" src=\"https:\/\/gospelforeveryone.worldea.org\/wp-content\/uploads\/2025\/08\/img_4272.jpg\" alt=\"img 4272\" srcset=\"https:\/\/gospelforeveryone.worldea.org\/wp-content\/uploads\/2025\/08\/img_4272.jpg 1200w, https:\/\/gospelforeveryone.worldea.org\/wp-content\/uploads\/2025\/08\/img_4272-300x225.jpg 300w, https:\/\/gospelforeveryone.worldea.org\/wp-content\/uploads\/2025\/08\/img_4272-1024x768.jpg 1024w, https:\/\/gospelforeveryone.worldea.org\/wp-content\/uploads\/2025\/08\/img_4272-768x576.jpg 768w, https:\/\/gospelforeveryone.worldea.org\/wp-content\/uploads\/2025\/08\/img_4272-16x12.jpg 16w\" width=\"1200\" height=\"900\" \/>\n\t\t\t\t\t\t\t\t\t\t\t\t\t<\/figure>\n\t\t\t\t\t\t\t\t\t\t<\/a>\n\t\t\t\t\t\t\t\t\t\t\t\t\t\t\t\t\t<a href=\"https:\/\/gospelforeveryone.worldea.org\/wp-content\/uploads\/2025\/08\/img_4270.jpg\" target=\"_self\" data-caption=\"img 4270\" aria-label=\"img 4270\">\n\t\t\t\t\t\t<figure>\n\t\t\t\t\t\t\t<img loading=\"lazy\" decoding=\"async\" src=\"https:\/\/gospelforeveryone.worldea.org\/wp-content\/uploads\/2025\/08\/img_4270.jpg\" alt=\"img 4270\" srcset=\"https:\/\/gospelforeveryone.worldea.org\/wp-content\/uploads\/2025\/08\/img_4270.jpg 1200w, https:\/\/gospelforeveryone.worldea.org\/wp-content\/uploads\/2025\/08\/img_4270-300x225.jpg 300w, https:\/\/gospelforeveryone.worldea.org\/wp-content\/uploads\/2025\/08\/img_4270-1024x768.jpg 1024w, https:\/\/gospelforeveryone.worldea.org\/wp-content\/uploads\/2025\/08\/img_4270-768x576.jpg 768w, https:\/\/gospelforeveryone.worldea.org\/wp-content\/uploads\/2025\/08\/img_4270-16x12.jpg 16w\" width=\"1200\" height=\"900\" \/>\n\t\t\t\t\t\t\t\t\t\t\t\t\t<\/figure>\n\t\t\t\t\t\t\t\t\t\t<\/a>\n\t\t\t\t\t\t\t\t\t\t\t\t\t\t\t\t\t<a href=\"https:\/\/gospelforeveryone.worldea.org\/wp-content\/uploads\/2025\/08\/img_4292.jpg\" target=\"_self\" data-caption=\"img 4292\" aria-label=\"img 4292\">\n\t\t\t\t\t\t<figure>\n\t\t\t\t\t\t\t<img loading=\"lazy\" decoding=\"async\" src=\"https:\/\/gospelforeveryone.worldea.org\/wp-content\/uploads\/2025\/08\/img_4292.jpg\" alt=\"img 4292\" srcset=\"https:\/\/gospelforeveryone.worldea.org\/wp-content\/uploads\/2025\/08\/img_4292.jpg 1200w, https:\/\/gospelforeveryone.worldea.org\/wp-content\/uploads\/2025\/08\/img_4292-300x225.jpg 300w, https:\/\/gospelforeveryone.worldea.org\/wp-content\/uploads\/2025\/08\/img_4292-1024x768.jpg 1024w, https:\/\/gospelforeveryone.worldea.org\/wp-content\/uploads\/2025\/08\/img_4292-768x576.jpg 768w, https:\/\/gospelforeveryone.worldea.org\/wp-content\/uploads\/2025\/08\/img_4292-16x12.jpg 16w\" width=\"1200\" height=\"900\" \/>\n\t\t\t\t\t\t\t\t\t\t\t\t\t<\/figure>\n\t\t\t\t\t\t\t\t\t\t<\/a>\n\t\t\t\t\t\t\t\t<!-- navigation arrows -->\n\t\t\t<button aria-label=\"Diapositive pr\u00e9c\u00e9dente\" role=\"button\" tabindex=\"0\">\n\t\t\t\t\t\t\t<\/button>\n\t\t\t<button aria-label=\"Diapositive suivante\" role=\"button\" tabindex=\"0\">\n\t\t\t\t\t\t\t<\/button>\n<h3>\n\t\t\tSoutenir ensemble le leadership mondial\t<\/h3>\n\t<p>Votre participation contribue \u00e9galement \u00e0 \u00e9largir la repr\u00e9sentation mondiale. 100% des recettes de la vente des stands financent des bourses d&#039;\u00e9tudes pour des dirigeants m\u00e9ritants du monde majoritaire, leur permettant ainsi de participer et de contribuer \u00e0 cette communaut\u00e9 mondiale. Une bourse compl\u00e8te co\u00fbte $2\u00a0200 et contribue \u00e0 former des dirigeants qui porteront l&#039;\u00c9vangile dans leurs communaut\u00e9s.<\/p>\n<p>En savoir plus ou faire un don : <a href=\"https:\/\/gospelforeveryone.worldea.org\/fr\/scholarships\/donate\/\">https:\/\/gospelforeveryone.worldea.org\/scholarships\/donate\/<\/a><\/p>\n<p><strong>Veuillez noter:<\/strong><\/p>\n<ul>\n<li>Les stands comprennent uniquement la surface. Les exposants doivent fournir leurs propres pr\u00e9sentoirs et mat\u00e9riels.<\/li>\n<li>Besoin de plus d&#039;espace\u00a0? Un stand suppl\u00e9mentaire peut \u00eatre disponible sur demande.<\/li>\n<li>La date limite de r\u00e9servation est le 15 octobre 2025.<\/li>\n<\/ul>\n<h3  data-animation-delay=\"0\" data-animation-duration=\"2\">\n\t\t\tR\u00e9servez votre stand d\u00e8s aujourd&#039;hui\t<\/h3>\n\t<p><strong>Ou contactez-nous : <\/strong><a href=\"mailto:generalassembly@worldea.org\">generalassembly@worldea.org<\/a><\/p>\n<h3>\n\t\t\tR\u00e9servation de stand\t<\/h3>\n\t<form action=\"https:\/\/gospelforeveryone.worldea.org\/fr\/wp-json\/ws-form\/v1\/submit\" class=\"wsf-form wsf-form-canvas\" id=\"ws-form-1\" data-id=\"24\" method=\"POST\" data-instance-id=\"1\" data-wsf-style-id=\"1\" data-trp-original-action=\"https:\/\/gospelforeveryone.worldea.org\/fr\/wp-json\/ws-form\/v1\/submit\"><input type=\"hidden\" name=\"trp-form-language\" value=\"fr\"\/><\/form>","protected":false},"excerpt":{"rendered":"<p>Pr\u00e9sentez votre minist\u00e8re \u00e0 l&#039;Assembl\u00e9e g\u00e9n\u00e9rale 2025 de l&#039;AEM. Rejoignez-nous pour promouvoir \u00ab\u00a0L&#039;\u00c9vangile pour tous d&#039;ici 2033\u00a0\u00bb. L&#039;Assembl\u00e9e g\u00e9n\u00e9rale 2025 de l&#039;Alliance \u00e9vang\u00e9lique mondiale est un rassemblement historique de plus de 6\u00a0000 responsables et repr\u00e9sentants \u00e9vang\u00e9liques de plus de 100 pays. \u00c0 l&#039;approche du bicentenaire de la mort, de la r\u00e9surrection, de l&#039;ascension et de la Pentec\u00f4te du Christ, \u2026 <a title=\"Espaces de stand\" class=\"read-more\" href=\"https:\/\/gospelforeveryone.worldea.org\/fr\/booth-spaces\/\" aria-label=\"En savoir plus sur Booth Spaces\">Lire la suite<\/a><\/p>","protected":false},"author":1,"featured_media":0,"parent":0,"menu_order":0,"comment_status":"closed","ping_status":"closed","template":"","meta":{"_acf_changed":false,"_seopress_robots_primary_cat":"","_seopress_titles_title":"","_seopress_titles_desc":"","_seopress_robots_index":"","footnotes":""},"class_list":["post-946","page","type-page","status-publish"],"acf":[],"_links":{"self":[{"href":"https:\/\/gospelforeveryone.worldea.org\/fr\/wp-json\/wp\/v2\/pages\/946","targetHints":{"allow":["GET"]}}],"collection":[{"href":"https:\/\/gospelforeveryone.worldea.org\/fr\/wp-json\/wp\/v2\/pages"}],"about":[{"href":"https:\/\/gospelforeveryone.worldea.org\/fr\/wp-json\/wp\/v2\/types\/page"}],"author":[{"embeddable":true,"href":"https:\/\/gospelforeveryone.worldea.org\/fr\/wp-json\/wp\/v2\/users\/1"}],"replies":[{"embeddable":true,"href":"https:\/\/gospelforeveryone.worldea.org\/fr\/wp-json\/wp\/v2\/comments?post=946"}],"version-history":[{"count":11,"href":"https:\/\/gospelforeveryone.worldea.org\/fr\/wp-json\/wp\/v2\/pages\/946\/revisions"}],"predecessor-version":[{"id":1040,"href":"https:\/\/gospelforeveryone.worldea.org\/fr\/wp-json\/wp\/v2\/pages\/946\/revisions\/1040"}],"wp:attachment":[{"href":"https:\/\/gospelforeveryone.worldea.org\/fr\/wp-json\/wp\/v2\/media?parent=946"}],"curies":[{"name":"wp","href":"https:\/\/api.w.org\/{rel}","templated":true}]}}