{"id":978,"date":"2025-08-28T09:34:20","date_gmt":"2025-08-28T09:34:20","guid":{"rendered":"https:\/\/gospelforeveryone.worldea.org\/?page_id=978"},"modified":"2025-08-28T09:35:15","modified_gmt":"2025-08-28T09:35:15","slug":"voting-members","status":"publish","type":"page","link":"https:\/\/gospelforeveryone.worldea.org\/fr\/voting-members\/","title":{"rendered":"Membres votants"},"content":{"rendered":"<p>Les alliances nationales et r\u00e9gionales sont membres votants de l&#039;Alliance \u00e9vang\u00e9lique mondiale<\/p>\n<p>Chaque alliance peut d\u00e9signer jusqu\u2019\u00e0 trois (3) d\u00e9l\u00e9gu\u00e9s pour assister \u00e0 la r\u00e9union d\u2019affaires, mais un seul (1) vote est attribu\u00e9 par membre votant.<\/p>\n<p>Dans ce formulaire, veuillez indiquer qui sont les trois d\u00e9l\u00e9gu\u00e9s, ainsi que le nom du d\u00e9l\u00e9gu\u00e9 qui votera.<\/p>\n\t<form action=\"https:\/\/gospelforeveryone.worldea.org\/fr\/wp-json\/ws-form\/v1\/submit\" class=\"wsf-form wsf-form-canvas\" id=\"ws-form-1\" data-id=\"26\" method=\"POST\" data-instance-id=\"1\" data-wsf-style-id=\"1\" data-trp-original-action=\"https:\/\/gospelforeveryone.worldea.org\/fr\/wp-json\/ws-form\/v1\/submit\"><input type=\"hidden\" name=\"trp-form-language\" value=\"fr\"\/><\/form>","protected":false},"excerpt":{"rendered":"<p>Les alliances nationales et r\u00e9gionales sont membres votants de l&#039;Alliance \u00e9vang\u00e9lique mondiale. Chaque alliance peut d\u00e9signer jusqu&#039;\u00e0 trois (3) d\u00e9l\u00e9gu\u00e9s pour assister \u00e0 la r\u00e9union d&#039;affaires, mais une seule voix est attribu\u00e9e par membre votant. Dans ce formulaire, veuillez indiquer qui sont les trois d\u00e9l\u00e9gu\u00e9s, ainsi que le nom de celui qui\u2026 <a title=\"Membres votants\" class=\"read-more\" href=\"https:\/\/gospelforeveryone.worldea.org\/fr\/voting-members\/\" aria-label=\"En savoir plus sur Membres votants\">Lire la suite<\/a><\/p>","protected":false},"author":1,"featured_media":0,"parent":0,"menu_order":0,"comment_status":"closed","ping_status":"closed","template":"","meta":{"_acf_changed":false,"_seopress_robots_primary_cat":"","_seopress_titles_title":"","_seopress_titles_desc":"","_seopress_robots_index":"","footnotes":""},"class_list":["post-978","page","type-page","status-publish"],"acf":[],"_links":{"self":[{"href":"https:\/\/gospelforeveryone.worldea.org\/fr\/wp-json\/wp\/v2\/pages\/978","targetHints":{"allow":["GET"]}}],"collection":[{"href":"https:\/\/gospelforeveryone.worldea.org\/fr\/wp-json\/wp\/v2\/pages"}],"about":[{"href":"https:\/\/gospelforeveryone.worldea.org\/fr\/wp-json\/wp\/v2\/types\/page"}],"author":[{"embeddable":true,"href":"https:\/\/gospelforeveryone.worldea.org\/fr\/wp-json\/wp\/v2\/users\/1"}],"replies":[{"embeddable":true,"href":"https:\/\/gospelforeveryone.worldea.org\/fr\/wp-json\/wp\/v2\/comments?post=978"}],"version-history":[{"count":2,"href":"https:\/\/gospelforeveryone.worldea.org\/fr\/wp-json\/wp\/v2\/pages\/978\/revisions"}],"predecessor-version":[{"id":981,"href":"https:\/\/gospelforeveryone.worldea.org\/fr\/wp-json\/wp\/v2\/pages\/978\/revisions\/981"}],"wp:attachment":[{"href":"https:\/\/gospelforeveryone.worldea.org\/fr\/wp-json\/wp\/v2\/media?parent=978"}],"curies":[{"name":"wp","href":"https:\/\/api.w.org\/{rel}","templated":true}]}}