{"id":987,"date":"2025-08-29T11:49:59","date_gmt":"2025-08-29T11:49:59","guid":{"rendered":"https:\/\/gospelforeveryone.worldea.org\/?page_id=987"},"modified":"2025-08-29T13:14:36","modified_gmt":"2025-08-29T13:14:36","slug":"waiting-list","status":"publish","type":"page","link":"https:\/\/gospelforeveryone.worldea.org\/fr\/waiting-list\/","title":{"rendered":"Liste d&#039;attente"},"content":{"rendered":"<p>Nous sommes ravis de l&#039;int\u00e9r\u00eat suscit\u00e9 par notre Assembl\u00e9e g\u00e9n\u00e9rale. Malheureusement, toutes nos salles sont actuellement occup\u00e9es et <strong>les inscriptions sont d\u00e9sormais closes<\/strong> pendant que nous effectuons une analyse plus approfondie.<\/p>\n<p>Si vous avez d\u00e9j\u00e0 rempli votre formulaire d&#039;inscription, assurez-vous d&#039;avoir effectu\u00e9 le paiement. <a href=\"https:\/\/gospelforeveryone.worldea.org\/fr\/payment\/\">ici<\/a>. <strong>Seules les inscriptions dont le paiement est effectu\u00e9 sont confirm\u00e9es<\/strong>.<\/p>\n<p>Si nous parvenons \u00e0 obtenir des places suppl\u00e9mentaires, les inscriptions rouvriront. <strong>Veuillez noter que des places suppl\u00e9mentaires ne seront disponibles qu&#039;au prix d&#039;inscription complet de US$700<\/strong>Si vous souhaitez \u00eatre inform\u00e9 si d&#039;autres inscriptions deviennent disponibles, veuillez ajouter votre nom et votre adresse au formulaire ci-dessous.<\/p>\n\t<form action=\"https:\/\/gospelforeveryone.worldea.org\/fr\/wp-json\/ws-form\/v1\/submit\" class=\"wsf-form wsf-form-canvas\" id=\"ws-form-1\" data-id=\"27\" method=\"POST\" data-instance-id=\"1\" data-wsf-style-id=\"1\" data-trp-original-action=\"https:\/\/gospelforeveryone.worldea.org\/fr\/wp-json\/ws-form\/v1\/submit\"><input type=\"hidden\" name=\"trp-form-language\" value=\"fr\"\/><\/form>","protected":false},"excerpt":{"rendered":"<p>We are overjoyed with the interest of our General Assembly. Regrettably, all our rooms are currently filled and registration is now closed whilst we make further analysis. If you have already completed your registration form then please ensure that you have made payment here. Only registrations with completed payments are confirmed. If we are able &#8230; <a title=\"Liste d&#039;attente\" class=\"read-more\" href=\"https:\/\/gospelforeveryone.worldea.org\/fr\/waiting-list\/\" aria-label=\"En savoir plus sur Waiting List\">Lire la suite<\/a><\/p>","protected":false},"author":1,"featured_media":0,"parent":0,"menu_order":0,"comment_status":"closed","ping_status":"closed","template":"","meta":{"_acf_changed":false,"_seopress_robots_primary_cat":"","_seopress_titles_title":"","_seopress_titles_desc":"","_seopress_robots_index":"","footnotes":""},"class_list":["post-987","page","type-page","status-publish"],"acf":[],"_links":{"self":[{"href":"https:\/\/gospelforeveryone.worldea.org\/fr\/wp-json\/wp\/v2\/pages\/987","targetHints":{"allow":["GET"]}}],"collection":[{"href":"https:\/\/gospelforeveryone.worldea.org\/fr\/wp-json\/wp\/v2\/pages"}],"about":[{"href":"https:\/\/gospelforeveryone.worldea.org\/fr\/wp-json\/wp\/v2\/types\/page"}],"author":[{"embeddable":true,"href":"https:\/\/gospelforeveryone.worldea.org\/fr\/wp-json\/wp\/v2\/users\/1"}],"replies":[{"embeddable":true,"href":"https:\/\/gospelforeveryone.worldea.org\/fr\/wp-json\/wp\/v2\/comments?post=987"}],"version-history":[{"count":6,"href":"https:\/\/gospelforeveryone.worldea.org\/fr\/wp-json\/wp\/v2\/pages\/987\/revisions"}],"predecessor-version":[{"id":1007,"href":"https:\/\/gospelforeveryone.worldea.org\/fr\/wp-json\/wp\/v2\/pages\/987\/revisions\/1007"}],"wp:attachment":[{"href":"https:\/\/gospelforeveryone.worldea.org\/fr\/wp-json\/wp\/v2\/media?parent=987"}],"curies":[{"name":"wp","href":"https:\/\/api.w.org\/{rel}","templated":true}]}}